{"id":3444,"date":"2025-06-06T04:39:20","date_gmt":"2025-06-06T04:39:20","guid":{"rendered":"https:\/\/benty.vn\/chinh-sach-kiem-hang\/"},"modified":"2025-09-09T09:50:20","modified_gmt":"2025-09-09T09:50:20","slug":"inspection-policy","status":"publish","type":"page","link":"https:\/\/benty.vn\/en\/inspection-policy\/","title":{"rendered":"Inspection Policy"},"content":{"rendered":"<p>\ud83d\udc40 <strong>Ch\u00ednh s\u00e1ch ki\u1ec3m h\u00e0ng t\u1ea1i Benty<\/strong><\/p>\n<p>Nh\u1eb1m \u0111\u1ea3m b\u1ea3o quy\u1ec1n l\u1ee3i v\u00e0 tr\u1ea3i nghi\u1ec7m mua s\u1eafm an t\u00e2m cho kh\u00e1ch h\u00e0ng, Benty h\u1ed7 tr\u1ee3 ki\u1ec3m tra h\u00e0ng h\u00f3a tr\u01b0\u1edbc khi thanh to\u00e1n theo c\u00e1c quy \u0111\u1ecbnh d\u01b0\u1edbi \u0111\u00e2y.<\/p>\n<hr \/>\n<p><strong>1. Quy\u1ec1n ki\u1ec3m tra h\u00e0ng khi nh\u1eadn<\/strong><\/p>\n<p>T\u1ea5t c\u1ea3 kh\u00e1ch h\u00e0ng khi nh\u1eadn h\u00e0ng t\u1eeb Benty \u0111\u1ec1u c\u00f3 th\u1ec3 y\u00eau c\u1ea7u <strong>ki\u1ec3m tra g\u00f3i h\u00e0ng tr\u01b0\u1edbc khi thanh to\u00e1n.<\/strong> Vi\u1ec7c ki\u1ec3m tra bao g\u1ed3m:<\/p>\n<ul>\n<li>T\u00ecnh tr\u1ea1ng <strong>nguy\u00ean v\u1eb9n c\u1ee7a bao b\u00ec, tem ni\u00eam phong<\/strong><\/li>\n<li>\u0110\u00fang <strong>m\u1eabu m\u00e3, m\u00e0u s\u1eafc, size, s\u1ed1 l\u01b0\u1ee3ng s\u1ea3n ph\u1ea9m<\/strong> theo \u0111\u01a1n \u0111\u00e3 \u0111\u1eb7t<\/li>\n<li>C\u00f3 \u0111\u1ea7y \u0111\u1ee7 qu\u00e0 t\u1eb7ng ho\u1eb7c ph\u1ee5 ki\u1ec7n \u0111i k\u00e8m (n\u1ebfu c\u00f3)<\/li>\n<\/ul>\n<hr \/>\n<p><strong>2. C\u00e1ch x\u1eed l\u00fd n\u1ebfu c\u00f3 v\u1ea5n \u0111\u1ec1 ph\u00e1t sinh<\/strong><\/p>\n<p>Trong tr\u01b0\u1eddng h\u1ee3p ph\u00e1t hi\u1ec7n \u0111\u01a1n h\u00e0ng b\u1ecb sai, thi\u1ebfu, h\u01b0 h\u1ecfng ho\u1eb7c kh\u00f4ng \u0111\u00fang m\u00f4 t\u1ea3, kh\u00e1ch h\u00e0ng c\u00f3 quy\u1ec1n:<\/p>\n<ul>\n<li><strong>T\u1eeb ch\u1ed1i nh\u1eadn h\u00e0ng ngay t\u1ea1i th\u1eddi \u0111i\u1ec3m giao<\/strong><\/li>\n<li><strong>Li\u00ean h\u1ec7 v\u1edbi Benty qua hotline 0938 952 806<\/strong>\u00a0\u0111\u1ec3 \u0111\u01b0\u1ee3c h\u1ed7 tr\u1ee3 nhanh ch\u00f3ng<\/li>\n<\/ul>\n<hr \/>\n<p><strong>3. L\u01b0u \u00fd sau khi \u0111\u00e3 nh\u1eadn h\u00e0ng<\/strong><\/p>\n<p>Sau khi kh\u00e1ch h\u00e0ng \u0111\u00e3 <strong>ki\u1ec3m tra v\u00e0 k\u00fd nh\u1eadn \u0111\u01a1n h\u00e0ng<\/strong>, Benty s\u1ebd \u00e1p d\u1ee5ng ch\u00ednh s\u00e1ch \u0111\u1ed5i \u2013 tr\u1ea3 theo \u0111i\u1ec1u ki\u1ec7n c\u1ee5 th\u1ec3 (xem th\u00eam t\u1ea1i m\u1ee5c \u201cCh\u00ednh s\u00e1ch \u0111\u1ed5i \u2013 tr\u1ea3\u201d).<\/p>\n<hr \/>\n<p>\ud83d\udc9b Ch\u00ednh s\u00e1ch ki\u1ec3m h\u00e0ng \u0111\u01b0\u1ee3c \u00e1p d\u1ee5ng nh\u1eb1m b\u1ea3o v\u1ec7 c\u1ea3 kh\u00e1ch h\u00e0ng v\u00e0 th\u01b0\u01a1ng hi\u1ec7u. Benty lu\u00f4n mong mu\u1ed1n m\u1ecdi \u0111\u01a1n h\u00e0ng \u0111\u01b0\u1ee3c giao \u0111\u1ebfn tay m\u1eb9 m\u1ed9t c\u00e1ch minh b\u1ea1ch \u2013 nguy\u00ean v\u1eb9n \u2013 d\u1ec5 ch\u1ecbu nh\u1ea5t.<\/p>\n","protected":false},"excerpt":{"rendered":"<p>\ud83d\udc40 Ch\u00ednh s\u00e1ch ki\u1ec3m h\u00e0ng t\u1ea1i Benty Nh\u1eb1m \u0111\u1ea3m b\u1ea3o quy\u1ec1n l\u1ee3i v\u00e0 tr\u1ea3i nghi\u1ec7m mua s\u1eafm an t\u00e2m cho kh\u00e1ch h\u00e0ng, Benty h\u1ed7 tr\u1ee3 ki\u1ec3m tra h\u00e0ng h\u00f3a tr\u01b0\u1edbc khi thanh to\u00e1n theo c\u00e1c quy \u0111\u1ecbnh d\u01b0\u1edbi \u0111\u00e2y. 1. Quy\u1ec1n ki\u1ec3m tra h\u00e0ng khi nh\u1eadn T\u1ea5t c\u1ea3 kh\u00e1ch h\u00e0ng khi nh\u1eadn h\u00e0ng t\u1eeb Benty [&hellip;]<\/p>\n","protected":false},"author":1,"featured_media":0,"parent":3528,"menu_order":25,"comment_status":"closed","ping_status":"closed","template":"templates\/template_custommer.php","meta":{"_acf_changed":false,"rank_math_lock_modified_date":false,"footnotes":""},"class_list":["post-3444","page","type-page","status-publish","hentry"],"acf":[],"_links":{"self":[{"href":"https:\/\/benty.vn\/en\/wp-json\/wp\/v2\/pages\/3444","targetHints":{"allow":["GET"]}}],"collection":[{"href":"https:\/\/benty.vn\/en\/wp-json\/wp\/v2\/pages"}],"about":[{"href":"https:\/\/benty.vn\/en\/wp-json\/wp\/v2\/types\/page"}],"author":[{"embeddable":true,"href":"https:\/\/benty.vn\/en\/wp-json\/wp\/v2\/users\/1"}],"replies":[{"embeddable":true,"href":"https:\/\/benty.vn\/en\/wp-json\/wp\/v2\/comments?post=3444"}],"version-history":[{"count":2,"href":"https:\/\/benty.vn\/en\/wp-json\/wp\/v2\/pages\/3444\/revisions"}],"predecessor-version":[{"id":3861,"href":"https:\/\/benty.vn\/en\/wp-json\/wp\/v2\/pages\/3444\/revisions\/3861"}],"up":[{"embeddable":true,"href":"https:\/\/benty.vn\/en\/wp-json\/wp\/v2\/pages\/3528"}],"wp:attachment":[{"href":"https:\/\/benty.vn\/en\/wp-json\/wp\/v2\/media?parent=3444"}],"curies":[{"name":"wp","href":"https:\/\/api.w.org\/{rel}","templated":true}]}}