{"id":3536,"date":"2025-06-06T04:36:08","date_gmt":"2025-06-06T04:36:08","guid":{"rendered":"https:\/\/benty.vn\/cac-chinh-sach\/chinh-sach-van-chuyen\/"},"modified":"2025-09-09T09:51:59","modified_gmt":"2025-09-09T09:51:59","slug":"shipping-policy","status":"publish","type":"page","link":"https:\/\/benty.vn\/en\/policies\/shipping-policy\/","title":{"rendered":"Shipping Policy"},"content":{"rendered":"<p>\ud83d\ude9a <strong>Ch\u00ednh s\u00e1ch giao h\u00e0ng t\u1ea1i Benty<\/strong><\/p>\n<p>Benty lu\u00f4n n\u1ed7 l\u1ef1c \u0111\u1ec3 m\u1ed7i \u0111\u01a1n h\u00e0ng \u0111\u01b0\u1ee3c giao \u0111\u1ebfn tay m\u1eb9 m\u1ed9t c\u00e1ch nhanh ch\u00f3ng, nguy\u00ean v\u1eb9n v\u00e0 \u0111\u00fang h\u1eb9n. D\u01b0\u1edbi \u0111\u00e2y l\u00e0 c\u00e1c quy \u0111\u1ecbnh c\u1ee5 th\u1ec3 v\u1ec1 vi\u1ec7c giao h\u00e0ng, \u0111\u1ec3 m\u1eb9 y\u00ean t\u00e2m khi \u0111\u1eb7t mua s\u1ea3n ph\u1ea9m t\u1ea1i Benty.<\/p>\n<hr \/>\n<p><strong>1. Ph\u1ea1m vi v\u00e0 th\u1eddi gian giao h\u00e0ng<\/strong><\/p>\n<p>Benty h\u1ed7 tr\u1ee3 giao h\u00e0ng to\u00e0n qu\u1ed1c, th\u00f4ng qua c\u00e1c \u0111\u01a1n v\u1ecb v\u1eadn chuy\u1ec3n uy t\u00edn.<\/p>\n<ul>\n<li><strong>T\u1ea1i H\u1ed3 Ch\u00ed Minh:<\/strong> Giao h\u00e0ng trong v\u00f2ng <strong>1\u20133 ng\u00e0y l\u00e0m vi\u1ec7c<\/strong> k\u1ec3 t\u1eeb khi \u0111\u01a1n \u0111\u01b0\u1ee3c x\u00e1c nh\u1eadn<\/li>\n<li><strong>C\u00e1c t\u1ec9nh\/th\u00e0nh kh\u00e1c:<\/strong> Giao h\u00e0ng t\u1eeb <strong>3\u20135 ng\u00e0y l\u00e0m vi\u1ec7c<\/strong><\/li>\n<li>Kh\u00f4ng t\u00ednh Th\u1ee9 B\u1ea3y, Ch\u1ee7 nh\u1eadt v\u00e0 c\u00e1c ng\u00e0y L\u1ec5, T\u1ebft<\/li>\n<\/ul>\n<p>\ud83d\udccc L\u01b0u \u00fd: M\u1ed9t s\u1ed1 khu v\u1ef1c \u0111\u1eb7c th\u00f9 nh\u01b0 t\u00f2a nh\u00e0 chung c\u01b0 cao t\u1ea7ng, khu qu\u00e2n s\u1ef1, v\u0103n ph\u00f2ng gi\u1edbi h\u1ea1n ra v\u00e0o&#8230; ch\u1ec9 c\u00f3 th\u1ec3 giao t\u1ea1i c\u1ed5ng, t\u1ea7ng tr\u1ec7t ho\u1eb7c theo quy \u0111\u1ecbnh c\u1ee7a t\u00f2a nh\u00e0.<\/p>\n<hr \/>\n<p><strong>2. C\u00e1c tr\u01b0\u1eddng h\u1ee3p giao h\u00e0ng c\u00f3 th\u1ec3 b\u1ecb ch\u1eadm tr\u1ec5<\/strong><\/p>\n<p>Vi\u1ec7c giao h\u00e0ng c\u00f3 th\u1ec3 k\u00e9o d\u00e0i h\u01a1n d\u1ef1 ki\u1ebfn trong m\u1ed9t s\u1ed1 t\u00ecnh hu\u1ed1ng b\u1ea5t kh\u1ea3 kh\u00e1ng nh\u01b0:<\/p>\n<ul>\n<li>Kh\u00f4ng li\u00ean h\u1ec7 \u0111\u01b0\u1ee3c v\u1edbi kh\u00e1ch h\u00e0ng \u0111\u1ec3 x\u00e1c nh\u1eadn giao h\u00e0ng<\/li>\n<li>\u0110\u1ecba ch\u1ec9 giao kh\u00f4ng ch\u00ednh x\u00e1c, kh\u00f3 t\u00ecm ho\u1eb7c thay \u0111\u1ed5i \u0111\u1ed9t xu\u1ea5t<\/li>\n<li>S\u1ed1 l\u01b0\u1ee3ng \u0111\u01a1n t\u0103ng \u0111\u1ed9t bi\u1ebfn (trong d\u1ecbp khuy\u1ebfn m\u00e3i, l\u1ec5 T\u1ebft\u2026)<\/li>\n<li>\u0110\u1ed1i t\u00e1c v\u1eadn chuy\u1ec3n g\u1eb7p s\u1ef1 c\u1ed1 ho\u1eb7c ch\u1eadm tr\u1ec5<\/li>\n<\/ul>\n<p>\ud83d\udc49 Trong m\u1ecdi tr\u01b0\u1eddng h\u1ee3p, Benty s\u1ebd <strong>ch\u1ee7 \u0111\u1ed9ng li\u00ean h\u1ec7 \u0111\u1ec3 th\u00f4ng b\u00e1o v\u00e0 \u0111\u1ec1 xu\u1ea5t ph\u01b0\u01a1ng \u00e1n x\u1eed l\u00fd ph\u00f9 h\u1ee3p.<\/strong><\/p>\n<hr \/>\n<p><strong>3. Ph\u00ed v\u1eadn chuy\u1ec3n<\/strong><\/p>\n<ul>\n<li>C\u01b0\u1edbc ph\u00ed \u0111\u01b0\u1ee3c t\u00ednh theo bi\u1ec3u ph\u00ed th\u1ef1c t\u1ebf c\u1ee7a \u0111\u01a1n v\u1ecb v\u1eadn chuy\u1ec3n v\u00e0 <strong>s\u1ebd \u0111\u01b0\u1ee3c th\u00f4ng b\u00e1o r\u00f5 cho kh\u00e1ch h\u00e0ng tr\u01b0\u1edbc khi x\u00e1c nh\u1eadn \u0111\u01a1n<\/strong><\/li>\n<li>V\u1edbi m\u1ed9t s\u1ed1 ch\u01b0\u01a1ng tr\u00ecnh khuy\u1ebfn m\u00e3i, Benty c\u00f3 th\u1ec3 <strong>h\u1ed7 tr\u1ee3 ph\u00ed v\u1eadn chuy\u1ec3n ho\u1eb7c mi\u1ec5n ph\u00ed ship to\u00e0n qu\u1ed1c<\/strong>, t\u00f9y t\u1eebng th\u1eddi \u0111i\u1ec3m<\/li>\n<\/ul>\n<p>\ud83d\udccc N\u1ebfu b\u1ea1n l\u00e0 kh\u00e1ch mua s\u1ec9 ho\u1eb7c \u0111\u01a1n s\u1ed1 l\u01b0\u1ee3ng l\u1edbn, ph\u00ed ship s\u1ebd \u0111\u01b0\u1ee3c t\u00ednh theo th\u1ecfa thu\u1eadn ri\u00eang gi\u1eefa hai b\u00ean.<\/p>\n<hr \/>\n<p><strong>4. Ki\u1ec3m tra h\u00e0ng & ch\u1ee9ng t\u1eeb giao nh\u1eadn<\/strong><\/p>\n<ul>\n<li>M\u1ed7i \u0111\u01a1n h\u00e0ng \u0111\u01b0\u1ee3c <strong>\u0111\u00f3ng g\u00f3i v\u00e0 ni\u00eam phong c\u1ea9n th\u1eadn<\/strong> tr\u01b0\u1edbc khi g\u1eedi \u0111i<\/li>\n<li>Kh\u00e1ch h\u00e0ng c\u00f3 th\u1ec3 <strong>ki\u1ec3m tra t\u00ecnh tr\u1ea1ng bao b\u00ec, s\u1ea3n ph\u1ea9m b\u00ean ngo\u00e0i, s\u1ed1 l\u01b0\u1ee3ng s\u1ea3n ph\u1ea9m<\/strong> tr\u01b0\u1edbc khi thanh to\u00e1n<\/li>\n<\/ul>\n<p>B\u00ean ngo\u00e0i b\u01b0u ki\u1ec7n s\u1ebd c\u00f3 \u0111\u1ea7y \u0111\u1ee7:<\/p>\n<ul>\n<li>T\u00ean ng\u01b0\u1eddi nh\u1eadn, s\u1ed1 \u0111i\u1ec7n tho\u1ea1i, \u0111\u1ecba ch\u1ec9 giao<\/li>\n<li>M\u00e3 v\u1eadn \u0111\u01a1n<\/li>\n<\/ul>\n<p>\u0110\u01a1n v\u1ecb v\u1eadn chuy\u1ec3n s\u1ebd ch\u1ecbu tr\u00e1ch nhi\u1ec7m <strong>b\u1ea3o qu\u1ea3n nguy\u00ean v\u1eb9n h\u00e0ng h\u00f3a<\/strong>, giao \u0111\u00fang \u0111\u1ecba ch\u1ec9, v\u00e0 cung c\u1ea5p ch\u1ee9ng t\u1eeb theo y\u00eau c\u1ea7u n\u1ebfu c\u00f3 ph\u00e1t sinh.<\/p>\n<hr \/>\n<p><strong>5. Tr\u00e1ch nhi\u1ec7m khi h\u00e0ng h\u00f3a b\u1ecb h\u01b0 h\u1ecfng<\/strong><\/p>\n<p>N\u1ebfu h\u00e0ng h\u00f3a b\u1ecb h\u01b0 h\u1ecfng trong qu\u00e1 tr\u00ecnh v\u1eadn chuy\u1ec3n (d\u00f9 do \u0111\u01a1n v\u1ecb n\u00e0o th\u1ef1c hi\u1ec7n), <strong>Benty s\u1ebd l\u00e0 b\u00ean \u0111\u1ee9ng ra ch\u1ecbu tr\u00e1ch nhi\u1ec7m ch\u00ednh v\u1edbi kh\u00e1ch h\u00e0ng.<\/strong><\/p>\n<ul>\n<li>M\u1eb9 c\u00f3 th\u1ec3 t\u1eeb ch\u1ed1i nh\u1eadn s\u1ea3n ph\u1ea9m v\u00e0 y\u00eau c\u1ea7u \u0111\u1ed5i\/tr\u1ea3 theo ch\u00ednh s\u00e1ch c\u1ee7a Benty<\/li>\n<li>M\u1ecdi ph\u00e1t sinh kh\u00e1c s\u1ebd \u0111\u01b0\u1ee3c Benty l\u00e0m vi\u1ec7c tr\u1ef1c ti\u1ebfp v\u1edbi \u0111\u01a1n v\u1ecb v\u1eadn chuy\u1ec3n \u0111\u1ec3 \u0111\u1ea3m b\u1ea3o quy\u1ec1n l\u1ee3i cho m\u1eb9<\/li>\n<\/ul>\n<hr \/>\n<p><strong>6. H\u1ee7y \u0111\u01a1n v\u00e0 thay \u0111\u1ed5i th\u00f4ng tin giao h\u00e0ng<\/strong><\/p>\n<p>Trong tr\u01b0\u1eddng h\u1ee3p \u0111\u01a1n h\u00e0ng c\u1ea7n thay \u0111\u1ed5i \u0111\u1ecba ch\u1ec9 ho\u1eb7c th\u1eddi gian giao, m\u1eb9 vui l\u00f2ng li\u00ean h\u1ec7 s\u1edbm nh\u1ea5t c\u00f3 th\u1ec3 \u0111\u1ec3 \u0111\u01b0\u1ee3c h\u1ed7 tr\u1ee3 \u0111i\u1ec1u ch\u1ec9nh.<br \/>\nN\u1ebfu \u0111\u01a1n h\u00e0ng \u0111\u00e3 \u0111\u01b0\u1ee3c giao cho \u0111\u01a1n v\u1ecb v\u1eadn chuy\u1ec3n, Benty s\u1ebd h\u1ed7 tr\u1ee3 h\u1ee7y ho\u1eb7c thay \u0111\u1ed5i theo quy tr\u00ecnh v\u1eadn h\u00e0nh th\u1ef1c t\u1ebf (n\u1ebfu k\u1ecbp th\u1eddi).<\/p>\n<hr \/>\n<p>\ud83d\udcde N\u1ebfu c\u00f3 b\u1ea5t k\u1ef3 th\u1eafc m\u1eafc n\u00e0o v\u1ec1 vi\u1ec7c giao h\u00e0ng, m\u1eb9 c\u00f3 th\u1ec3 li\u00ean h\u1ec7 tr\u1ef1c ti\u1ebfp hotline 0938 952 806\u00a0\u0111\u1ec3 \u0111\u01b0\u1ee3c h\u1ed7 tr\u1ee3 nhanh nh\u1ea5t.<\/p>\n","protected":false},"excerpt":{"rendered":"<p>\ud83d\ude9a Ch\u00ednh s\u00e1ch giao h\u00e0ng t\u1ea1i Benty Benty lu\u00f4n n\u1ed7 l\u1ef1c \u0111\u1ec3 m\u1ed7i \u0111\u01a1n h\u00e0ng \u0111\u01b0\u1ee3c giao \u0111\u1ebfn tay m\u1eb9 m\u1ed9t c\u00e1ch nhanh ch\u00f3ng, nguy\u00ean v\u1eb9n v\u00e0 \u0111\u00fang h\u1eb9n. D\u01b0\u1edbi \u0111\u00e2y l\u00e0 c\u00e1c quy \u0111\u1ecbnh c\u1ee5 th\u1ec3 v\u1ec1 vi\u1ec7c giao h\u00e0ng, \u0111\u1ec3 m\u1eb9 y\u00ean t\u00e2m khi \u0111\u1eb7t mua s\u1ea3n ph\u1ea9m t\u1ea1i Benty. 1. Ph\u1ea1m vi [&hellip;]<\/p>\n","protected":false},"author":1,"featured_media":0,"parent":3528,"menu_order":22,"comment_status":"closed","ping_status":"closed","template":"templates\/template_custommer.php","meta":{"_acf_changed":false,"rank_math_lock_modified_date":false,"footnotes":""},"class_list":["post-3536","page","type-page","status-publish","hentry"],"acf":[],"_links":{"self":[{"href":"https:\/\/benty.vn\/en\/wp-json\/wp\/v2\/pages\/3536","targetHints":{"allow":["GET"]}}],"collection":[{"href":"https:\/\/benty.vn\/en\/wp-json\/wp\/v2\/pages"}],"about":[{"href":"https:\/\/benty.vn\/en\/wp-json\/wp\/v2\/types\/page"}],"author":[{"embeddable":true,"href":"https:\/\/benty.vn\/en\/wp-json\/wp\/v2\/users\/1"}],"replies":[{"embeddable":true,"href":"https:\/\/benty.vn\/en\/wp-json\/wp\/v2\/comments?post=3536"}],"version-history":[{"count":2,"href":"https:\/\/benty.vn\/en\/wp-json\/wp\/v2\/pages\/3536\/revisions"}],"predecessor-version":[{"id":3860,"href":"https:\/\/benty.vn\/en\/wp-json\/wp\/v2\/pages\/3536\/revisions\/3860"}],"up":[{"embeddable":true,"href":"https:\/\/benty.vn\/en\/wp-json\/wp\/v2\/pages\/3528"}],"wp:attachment":[{"href":"https:\/\/benty.vn\/en\/wp-json\/wp\/v2\/media?parent=3536"}],"curies":[{"name":"wp","href":"https:\/\/api.w.org\/{rel}","templated":true}]}}