{"id":3546,"date":"2025-06-06T04:45:16","date_gmt":"2025-06-06T04:45:16","guid":{"rendered":"https:\/\/benty.vn\/cac-chinh-sach\/chinh-sach-thanh-toan\/"},"modified":"2025-09-09T09:52:10","modified_gmt":"2025-09-09T09:52:10","slug":"payment-policy","status":"publish","type":"page","link":"https:\/\/benty.vn\/en\/policies\/payment-policy\/","title":{"rendered":"Payment Policy"},"content":{"rendered":"<p>\ud83d\udcb3 <strong>Ch\u00ednh s\u00e1ch thanh to\u00e1n<\/strong><br \/>\nBenty h\u1ed7 tr\u1ee3 nhi\u1ec1u h\u00ecnh th\u1ee9c thanh to\u00e1n linh ho\u1ea1t, nhanh ch\u00f3ng v\u00e0 b\u1ea3o m\u1eadt \u2013 \u0111\u1ec3 m\u1eb9 an t\u00e2m ch\u1ecdn mua nh\u1eefng m\u00f3n \u0111\u1ed3 d\u1ec5 ch\u1ecbu cho b\u00e9.<\/p>\n<hr \/>\n<p><strong>1. Thanh to\u00e1n khi nh\u1eadn h\u00e0ng (COD)<\/strong><\/p>\n<ul>\n<li>Thanh to\u00e1n tr\u1ef1c ti\u1ebfp b\u1eb1ng <strong>ti\u1ec1n m\u1eb7t<\/strong> khi nh\u1eadn s\u1ea3n ph\u1ea9m t\u1eeb \u0111\u01a1n v\u1ecb v\u1eadn chuy\u1ec3n<\/li>\n<li>\u00c1p d\u1ee5ng to\u00e0n qu\u1ed1c, <strong>kh\u00f4ng ph\u00e1t sinh ph\u1ee5 ph\u00ed<\/strong><\/li>\n<li>M\u1eb9 vui l\u00f2ng chu\u1ea9n b\u1ecb s\u1eb5n ti\u1ec1n m\u1eb7t \u0111\u1ec3 vi\u1ec7c giao h\u00e0ng di\u1ec5n ra thu\u1eadn ti\u1ec7n<\/li>\n<\/ul>\n<hr \/>\n<p><strong>2. Chuy\u1ec3n kho\u1ea3n ng\u00e2n h\u00e0ng<\/strong><\/p>\n<ul>\n<li>\u00c1p d\u1ee5ng v\u1edbi c\u00e1c \u0111\u01a1n \u0111\u1eb7t h\u00e0ng qua <strong>website, fanpage, Zalo ho\u1eb7c hotline<\/strong><strong>Thanh to\u00e1n chuy\u1ec3n kho\u1ea3n: kh\u00e1ch h\u00e0ng c\u00f3 th\u1ec3 chuy\u1ec3n kho\u1ea3n theo th\u00f4ng tin t\u00e0i kho\u1ea3n sau:<\/strong><br \/>\n<strong>Ng\u00e2n h\u00e0ng:\u00a0<\/strong><br \/>\n<strong>S\u1ed1 t\u00e0i kho\u1ea3n:\u00a0<\/strong><br \/>\n<strong>T\u00ean t\u00e0i kho\u1ea3n:\u00a0<\/strong><\/li>\n<li>N\u1ed9i dung chuy\u1ec3n kho\u1ea3n: <strong>[H\u1ecd t\u00ean + S\u1ed1 \u0111i\u1ec7n tho\u1ea1i]<\/strong><\/li>\n<\/ul>\n<hr \/>\n<p><strong>3. Thanh to\u00e1n qua v\u00ed \u0111i\u1ec7n t\u1eed (MoMo, VNPay)<\/strong><\/p>\n<ul>\n<li>Benty hi\u1ec7n h\u1ed7 tr\u1ee3 thanh to\u00e1n qua <strong>MoMo v\u00e0 VNPay<\/strong><\/li>\n<li>M\u1eb9 c\u00f3 th\u1ec3 ch\u1ecdn <strong>qu\u00e9t m\u00e3 QR<\/strong>, ho\u1eb7c <strong>thanh to\u00e1n tr\u1ef1c ti\u1ebfp trong qu\u00e1 tr\u00ecnh \u0111\u1eb7t h\u00e0ng<\/strong> tr\u00ean website<\/li>\n<li>Giao d\u1ecbch \u0111\u01b0\u1ee3c th\u1ef1c hi\u1ec7n th\u00f4ng qua c\u1ed5ng thanh to\u00e1n <strong>b\u1ea3o m\u1eadt, ti\u1ec7n l\u1ee3i v\u00e0 x\u00e1c nh\u1eadn t\u1ef1 \u0111\u1ed9ng<\/strong><\/li>\n<\/ul>\n<hr \/>\n<p><strong>4. H\u00f3a \u0111\u01a1n & x\u00e1c nh\u1eadn \u0111\u01a1n h\u00e0ng<\/strong><\/p>\n<ul>\n<li>Sau khi thanh to\u00e1n th\u00e0nh c\u00f4ng, Benty s\u1ebd g\u1eedi email ho\u1eb7c tin nh\u1eafn x\u00e1c nh\u1eadn \u0111\u01a1n h\u00e0ng<\/li>\n<\/ul>\n<hr \/>\n<p><strong>5. B\u1ea3o m\u1eadt th\u00f4ng tin thanh to\u00e1n<\/strong><\/p>\n<ul>\n<li>T\u1ea5t c\u1ea3 giao d\u1ecbch \u0111\u01b0\u1ee3c x\u1eed l\u00fd th\u00f4ng qua h\u1ec7 th\u1ed1ng thanh to\u00e1n an to\u00e0n, \u0111\u01b0\u1ee3c m\u00e3 h\u00f3a b\u1ea3o m\u1eadt<\/li>\n<li>Benty kh\u00f4ng l\u01b0u tr\u1eef th\u00f4ng tin th\u1ebb ng\u00e2n h\u00e0ng, th\u1ebb t\u00edn d\u1ee5ng hay t\u00e0i kho\u1ea3n c\u00e1 nh\u00e2n c\u1ee7a kh\u00e1ch h\u00e0ng<\/li>\n<\/ul>\n<hr \/>\n<p>\ud83d\udcde N\u1ebfu m\u1eb9 c\u1ea7n h\u1ed7 tr\u1ee3 v\u1ec1 thanh to\u00e1n, c\u00f3 th\u1ec3 g\u1ecdi 0938 952 806 ho\u1eb7c nh\u1eafn tin fanpage \u0111\u1ec3 \u0111\u01b0\u1ee3c t\u01b0 v\u1ea5n ngay.<\/p>\n","protected":false},"excerpt":{"rendered":"<p>\ud83d\udcb3 Ch\u00ednh s\u00e1ch thanh to\u00e1n Benty h\u1ed7 tr\u1ee3 nhi\u1ec1u h\u00ecnh th\u1ee9c thanh to\u00e1n linh ho\u1ea1t, nhanh ch\u00f3ng v\u00e0 b\u1ea3o m\u1eadt \u2013 \u0111\u1ec3 m\u1eb9 an t\u00e2m ch\u1ecdn mua nh\u1eefng m\u00f3n \u0111\u1ed3 d\u1ec5 ch\u1ecbu cho b\u00e9. 1. Thanh to\u00e1n khi nh\u1eadn h\u00e0ng (COD) Thanh to\u00e1n tr\u1ef1c ti\u1ebfp b\u1eb1ng ti\u1ec1n m\u1eb7t khi nh\u1eadn s\u1ea3n ph\u1ea9m t\u1eeb \u0111\u01a1n v\u1ecb [&hellip;]<\/p>\n","protected":false},"author":1,"featured_media":0,"parent":3528,"menu_order":27,"comment_status":"closed","ping_status":"closed","template":"templates\/template_custommer.php","meta":{"_acf_changed":false,"rank_math_lock_modified_date":false,"footnotes":""},"class_list":["post-3546","page","type-page","status-publish","hentry"],"acf":[],"_links":{"self":[{"href":"https:\/\/benty.vn\/en\/wp-json\/wp\/v2\/pages\/3546","targetHints":{"allow":["GET"]}}],"collection":[{"href":"https:\/\/benty.vn\/en\/wp-json\/wp\/v2\/pages"}],"about":[{"href":"https:\/\/benty.vn\/en\/wp-json\/wp\/v2\/types\/page"}],"author":[{"embeddable":true,"href":"https:\/\/benty.vn\/en\/wp-json\/wp\/v2\/users\/1"}],"replies":[{"embeddable":true,"href":"https:\/\/benty.vn\/en\/wp-json\/wp\/v2\/comments?post=3546"}],"version-history":[{"count":2,"href":"https:\/\/benty.vn\/en\/wp-json\/wp\/v2\/pages\/3546\/revisions"}],"predecessor-version":[{"id":3864,"href":"https:\/\/benty.vn\/en\/wp-json\/wp\/v2\/pages\/3546\/revisions\/3864"}],"up":[{"embeddable":true,"href":"https:\/\/benty.vn\/en\/wp-json\/wp\/v2\/pages\/3528"}],"wp:attachment":[{"href":"https:\/\/benty.vn\/en\/wp-json\/wp\/v2\/media?parent=3546"}],"curies":[{"name":"wp","href":"https:\/\/api.w.org\/{rel}","templated":true}]}}